{"id":29261,"date":"2025-01-30T15:32:50","date_gmt":"2025-01-30T20:32:50","guid":{"rendered":"https:\/\/wine365.com\/?page_id=29261"},"modified":"2025-03-03T17:48:16","modified_gmt":"2025-03-03T22:48:16","slug":"jaboulet-parallele-45-cotes-du-rhone-blanc","status":"publish","type":"page","link":"https:\/\/wine365.com\/stage\/jaboulet-parallele-45-cotes-du-rhone-blanc\/","title":{"rendered":"Jaboulet Parall\u00e8le 45 C\u00f4tes-du-Rh\u00f4ne Blanc"},"content":{"rendered":"\t\t<div data-elementor-type=\"wp-page\" data-elementor-id=\"29261\" class=\"elementor elementor-29261\" data-elementor-post-type=\"page\">\n\t\t\t\t\t\t<section class=\"elementor-section elementor-top-section elementor-element elementor-element-62008a46 elementor-section-boxed elementor-section-height-default elementor-section-height-default\" data-id=\"62008a46\" data-element_type=\"section\" data-settings=\"{&quot;background_background&quot;:&quot;classic&quot;}\">\n\t\t\t\t\t\t\t<div class=\"elementor-background-overlay\"><\/div>\n\t\t\t\t\t\t\t<div class=\"elementor-container elementor-column-gap-default\">\n\t\t\t\t\t<div class=\"elementor-column elementor-col-100 elementor-top-column elementor-element elementor-element-22c88ce9\" data-id=\"22c88ce9\" data-element_type=\"column\">\n\t\t\t<div class=\"elementor-widget-wrap elementor-element-populated\">\n\t\t\t\t\t\t<section class=\"elementor-section elementor-inner-section elementor-element elementor-element-1ad4d30d elementor-section-boxed elementor-section-height-default elementor-section-height-default\" data-id=\"1ad4d30d\" data-element_type=\"section\">\n\t\t\t\t\t\t<div class=\"elementor-container elementor-column-gap-default\">\n\t\t\t\t\t<div class=\"elementor-column elementor-col-50 elementor-inner-column elementor-element elementor-element-1d9457bf\" data-id=\"1d9457bf\" data-element_type=\"column\">\n\t\t\t<div class=\"elementor-widget-wrap elementor-element-populated\">\n\t\t\t\t\t\t<div class=\"elementor-element elementor-element-badc435 elementor-widget elementor-widget-image\" data-id=\"badc435\" data-element_type=\"widget\" data-widget_type=\"image.default\">\n\t\t\t\t\t\t<div class=\"elementor-widget-container\">\n\t\t\t\t\t\t\t\t\t\t\t\t\t\t\t<img fetchpriority=\"high\" decoding=\"async\" width=\"1080\" height=\"1080\" src=\"https:\/\/wine365.com\/stage\/wp-content\/uploads\/2025\/01\/Paul-Jaboulet-Aine-Parallele-45-Cotes-du-Rhone-Blanc.jpg\" class=\"attachment-full size-full wp-image-29262\" alt=\"\" srcset=\"https:\/\/wine365.com\/stage\/wp-content\/uploads\/2025\/01\/Paul-Jaboulet-Aine-Parallele-45-Cotes-du-Rhone-Blanc.jpg 1080w, https:\/\/wine365.com\/stage\/wp-content\/uploads\/2025\/01\/Paul-Jaboulet-Aine-Parallele-45-Cotes-du-Rhone-Blanc-300x300.jpg 300w, https:\/\/wine365.com\/stage\/wp-content\/uploads\/2025\/01\/Paul-Jaboulet-Aine-Parallele-45-Cotes-du-Rhone-Blanc-1024x1024.jpg 1024w, https:\/\/wine365.com\/stage\/wp-content\/uploads\/2025\/01\/Paul-Jaboulet-Aine-Parallele-45-Cotes-du-Rhone-Blanc-150x150.jpg 150w, https:\/\/wine365.com\/stage\/wp-content\/uploads\/2025\/01\/Paul-Jaboulet-Aine-Parallele-45-Cotes-du-Rhone-Blanc-768x768.jpg 768w, https:\/\/wine365.com\/stage\/wp-content\/uploads\/2025\/01\/Paul-Jaboulet-Aine-Parallele-45-Cotes-du-Rhone-Blanc-175x175.jpg 175w, https:\/\/wine365.com\/stage\/wp-content\/uploads\/2025\/01\/Paul-Jaboulet-Aine-Parallele-45-Cotes-du-Rhone-Blanc-450x450.jpg 450w\" sizes=\"(max-width: 1080px) 100vw, 1080px\" \/>\t\t\t\t\t\t\t\t\t\t\t\t\t\t\t<\/div>\n\t\t\t\t<\/div>\n\t\t\t\t\t<\/div>\n\t\t<\/div>\n\t\t\t\t<div class=\"elementor-column elementor-col-50 elementor-inner-column elementor-element elementor-element-600f80d9\" data-id=\"600f80d9\" data-element_type=\"column\" data-settings=\"{&quot;motion_fx_motion_fx_mouse&quot;:&quot;yes&quot;}\">\n\t\t\t<div class=\"elementor-widget-wrap elementor-element-populated\">\n\t\t\t\t\t\t<div class=\"elementor-element elementor-element-79e5c334 elementor-widget elementor-widget-heading\" data-id=\"79e5c334\" data-element_type=\"widget\" data-widget_type=\"heading.default\">\n\t\t\t\t\t\t<div class=\"elementor-widget-container\">\n\t\t\t\t\t<h1 class=\"elementor-heading-title elementor-size-default\">Jaboulet Parall\u00e8le 45 C\u00f4tes-du-Rh\u00f4ne Blanc 2023<\/h1>\t\t\t\t<\/div>\n\t\t\t\t<\/div>\n\t\t\t\t<div class=\"elementor-element elementor-element-29923cc4 elementor-widget__width-initial elementor-widget elementor-widget-heading\" data-id=\"29923cc4\" data-element_type=\"widget\" data-widget_type=\"heading.default\">\n\t\t\t\t\t\t<div class=\"elementor-widget-container\">\n\t\t\t\t\t<p class=\"elementor-heading-title elementor-size-default\">$17 USD<\/p>\t\t\t\t<\/div>\n\t\t\t\t<\/div>\n\t\t\t\t<div class=\"elementor-element elementor-element-3955dee elementor-widget elementor-widget-spacer\" data-id=\"3955dee\" data-element_type=\"widget\" data-widget_type=\"spacer.default\">\n\t\t\t\t\t\t<div class=\"elementor-widget-container\">\n\t\t\t\t\t\t\t<div class=\"elementor-spacer\">\n\t\t\t<div class=\"elementor-spacer-inner\"><\/div>\n\t\t<\/div>\n\t\t\t\t\t\t<\/div>\n\t\t\t\t<\/div>\n\t\t\t\t<div class=\"elementor-element elementor-element-6746637 elementor-widget elementor-widget-html\" data-id=\"6746637\" data-element_type=\"widget\" data-widget_type=\"html.default\">\n\t\t\t\t\t\t<div class=\"elementor-widget-container\">\n\t\t\t\t\t<div data-bclistingid=\"3069441\" data-bcvariantid=\"3069443\"><\/div>\t\t\t\t<\/div>\n\t\t\t\t<\/div>\n\t\t\t\t<div class=\"elementor-element elementor-element-b4e15df elementor-widget elementor-widget-spacer\" data-id=\"b4e15df\" data-element_type=\"widget\" data-widget_type=\"spacer.default\">\n\t\t\t\t\t\t<div class=\"elementor-widget-container\">\n\t\t\t\t\t\t\t<div class=\"elementor-spacer\">\n\t\t\t<div class=\"elementor-spacer-inner\"><\/div>\n\t\t<\/div>\n\t\t\t\t\t\t<\/div>\n\t\t\t\t<\/div>\n\t\t\t\t<div class=\"elementor-element elementor-element-6dbb1510 elementor-widget elementor-widget-text-editor\" data-id=\"6dbb1510\" data-element_type=\"widget\" data-widget_type=\"text-editor.default\">\n\t\t\t\t\t\t<div class=\"elementor-widget-container\">\n\t\t\t\t\t\t\t\t\t<p><em><strong>*** SPECIAL ORDER ITEM ***<\/strong><\/em><br \/>Please allow extra time for this limited-quantity wine to be hand-picked and packed from our secure, temperature-controlled cellar.<\/p>\t\t\t\t\t\t\t\t<\/div>\n\t\t\t\t<\/div>\n\t\t\t\t<div class=\"elementor-element elementor-element-7b8f9c91 elementor-widget__width-initial elementor-tabs-view-horizontal elementor-widget elementor-widget-tabs\" data-id=\"7b8f9c91\" data-element_type=\"widget\" data-widget_type=\"tabs.default\">\n\t\t\t\t\t\t<div class=\"elementor-widget-container\">\n\t\t\t\t\t\t\t<div class=\"elementor-tabs\">\n\t\t\t<div class=\"elementor-tabs-wrapper\" role=\"tablist\" >\n\t\t\t\t\t\t\t\t\t<div id=\"elementor-tab-title-2071\" class=\"elementor-tab-title elementor-tab-desktop-title\" aria-selected=\"true\" data-tab=\"1\" role=\"tab\" tabindex=\"0\" aria-controls=\"elementor-tab-content-2071\" aria-expanded=\"false\">Description<\/div>\n\t\t\t\t\t\t\t<\/div>\n\t\t\t<div class=\"elementor-tabs-content-wrapper\" role=\"tablist\" aria-orientation=\"vertical\">\n\t\t\t\t\t\t\t\t\t<div class=\"elementor-tab-title elementor-tab-mobile-title\" aria-selected=\"true\" data-tab=\"1\" role=\"tab\" tabindex=\"0\" aria-controls=\"elementor-tab-content-2071\" aria-expanded=\"false\">Description<\/div>\n\t\t\t\t\t<div id=\"elementor-tab-content-2071\" class=\"elementor-tab-content elementor-clearfix\" data-tab=\"1\" role=\"tabpanel\" aria-labelledby=\"elementor-tab-title-2071\" tabindex=\"0\" hidden=\"false\"><p>A classic since 1950, Parall\u00e8le 45 is celebrated around the globe and is one of France\u2019s most recognizable wines. Parall\u00e8le 45 is<br \/>named after the 45th parallel, a famous circle of latitude that marks the midpoint between the equator and the North Pole. It also passes over the cellars of Paul Jaboulet A\u00een\u00e9. The Viognier, Grenache Blanc, Roussanne, Clairette, and Marsanne grapes for Parall\u00e8le 45 Blanc are farmed organically. They grow on 40-year-old vines in clayey limestone and alluvial deposits composed of round pebbles. The grapes are destemmed, crushed, and undergo fermentation. The wine is then aged for 6 months in stainless steel vats on fine lees.\u00a0 A fruity white wine with notes of acacia and white peach, and a finish full of minerality.<\/p><\/div>\n\t\t\t\t\t\t\t<\/div>\n\t\t<\/div>\n\t\t\t\t\t\t<\/div>\n\t\t\t\t<\/div>\n\t\t\t\t<div class=\"elementor-element elementor-element-68396067 elementor-widget elementor-widget-spacer\" data-id=\"68396067\" data-element_type=\"widget\" data-widget_type=\"spacer.default\">\n\t\t\t\t\t\t<div class=\"elementor-widget-container\">\n\t\t\t\t\t\t\t<div class=\"elementor-spacer\">\n\t\t\t<div class=\"elementor-spacer-inner\"><\/div>\n\t\t<\/div>\n\t\t\t\t\t\t<\/div>\n\t\t\t\t<\/div>\n\t\t\t\t\t<\/div>\n\t\t<\/div>\n\t\t\t\t\t<\/div>\n\t\t<\/section>\n\t\t\t\t<div class=\"elementor-element elementor-element-17cbecf1 elementor-share-buttons--align-right elementor-share-buttons--view-icon elementor-share-buttons--skin-framed elementor-share-buttons--color-custom elementor-share-buttons--shape-square elementor-grid-0 elementor-widget elementor-widget-share-buttons\" data-id=\"17cbecf1\" data-element_type=\"widget\" data-widget_type=\"share-buttons.default\">\n\t\t\t\t\t\t<div class=\"elementor-widget-container\">\n\t\t\t\t\t\t\t<div class=\"elementor-grid\">\n\t\t\t\t\t\t\t\t<div class=\"elementor-grid-item\">\n\t\t\t\t\t\t<div\n\t\t\t\t\t\t\tclass=\"elementor-share-btn elementor-share-btn_facebook\"\n\t\t\t\t\t\t\trole=\"button\"\n\t\t\t\t\t\t\ttabindex=\"0\"\n\t\t\t\t\t\t\taria-label=\"Share on facebook\"\n\t\t\t\t\t\t>\n\t\t\t\t\t\t\t\t\t\t\t\t\t\t\t<span class=\"elementor-share-btn__icon\">\n\t\t\t\t\t\t\t\t<i class=\"fab fa-facebook\" aria-hidden=\"true\"><\/i>\t\t\t\t\t\t\t<\/span>\n\t\t\t\t\t\t\t\t\t\t\t\t\t\t\t\t\t\t\t\t<\/div>\n\t\t\t\t\t<\/div>\n\t\t\t\t\t\t\t\t\t<div class=\"elementor-grid-item\">\n\t\t\t\t\t\t<div\n\t\t\t\t\t\t\tclass=\"elementor-share-btn elementor-share-btn_twitter\"\n\t\t\t\t\t\t\trole=\"button\"\n\t\t\t\t\t\t\ttabindex=\"0\"\n\t\t\t\t\t\t\taria-label=\"Share on twitter\"\n\t\t\t\t\t\t>\n\t\t\t\t\t\t\t\t\t\t\t\t\t\t\t<span class=\"elementor-share-btn__icon\">\n\t\t\t\t\t\t\t\t<i class=\"fab fa-twitter\" aria-hidden=\"true\"><\/i>\t\t\t\t\t\t\t<\/span>\n\t\t\t\t\t\t\t\t\t\t\t\t\t\t\t\t\t\t\t\t<\/div>\n\t\t\t\t\t<\/div>\n\t\t\t\t\t\t\t\t\t<div class=\"elementor-grid-item\">\n\t\t\t\t\t\t<div\n\t\t\t\t\t\t\tclass=\"elementor-share-btn elementor-share-btn_pinterest\"\n\t\t\t\t\t\t\trole=\"button\"\n\t\t\t\t\t\t\ttabindex=\"0\"\n\t\t\t\t\t\t\taria-label=\"Share on pinterest\"\n\t\t\t\t\t\t>\n\t\t\t\t\t\t\t\t\t\t\t\t\t\t\t<span class=\"elementor-share-btn__icon\">\n\t\t\t\t\t\t\t\t<i class=\"fab fa-pinterest\" aria-hidden=\"true\"><\/i>\t\t\t\t\t\t\t<\/span>\n\t\t\t\t\t\t\t\t\t\t\t\t\t\t\t\t\t\t\t\t<\/div>\n\t\t\t\t\t<\/div>\n\t\t\t\t\t\t\t\t\t<div class=\"elementor-grid-item\">\n\t\t\t\t\t\t<div\n\t\t\t\t\t\t\tclass=\"elementor-share-btn elementor-share-btn_email\"\n\t\t\t\t\t\t\trole=\"button\"\n\t\t\t\t\t\t\ttabindex=\"0\"\n\t\t\t\t\t\t\taria-label=\"Share on email\"\n\t\t\t\t\t\t>\n\t\t\t\t\t\t\t\t\t\t\t\t\t\t\t<span class=\"elementor-share-btn__icon\">\n\t\t\t\t\t\t\t\t<i class=\"fas fa-envelope\" aria-hidden=\"true\"><\/i>\t\t\t\t\t\t\t<\/span>\n\t\t\t\t\t\t\t\t\t\t\t\t\t\t\t\t\t\t\t\t<\/div>\n\t\t\t\t\t<\/div>\n\t\t\t\t\t\t<\/div>\n\t\t\t\t\t\t<\/div>\n\t\t\t\t<\/div>\n\t\t\t\t<div class=\"elementor-element elementor-element-4cc19317 elementor-widget-divider--view-line elementor-widget elementor-widget-divider\" data-id=\"4cc19317\" data-element_type=\"widget\" data-widget_type=\"divider.default\">\n\t\t\t\t\t\t<div class=\"elementor-widget-container\">\n\t\t\t\t\t\t\t<div class=\"elementor-divider\">\n\t\t\t<span class=\"elementor-divider-separator\">\n\t\t\t\t\t\t<\/span>\n\t\t<\/div>\n\t\t\t\t\t\t<\/div>\n\t\t\t\t<\/div>\n\t\t\t\t\t<\/div>\n\t\t<\/div>\n\t\t\t\t\t<\/div>\n\t\t<\/section>\n\t\t\t\t<section class=\"elementor-section elementor-top-section elementor-element elementor-element-ed96b65 elementor-section-boxed elementor-section-height-default elementor-section-height-default\" data-id=\"ed96b65\" data-element_type=\"section\">\n\t\t\t\t\t\t<div class=\"elementor-container elementor-column-gap-default\">\n\t\t\t\t\t<div class=\"elementor-column elementor-col-100 elementor-top-column elementor-element elementor-element-8e1d786\" data-id=\"8e1d786\" data-element_type=\"column\">\n\t\t\t<div class=\"elementor-widget-wrap\">\n\t\t\t\t\t\t\t<\/div>\n\t\t<\/div>\n\t\t\t\t\t<\/div>\n\t\t<\/section>\n\t\t\t\t<\/div>\n\t\t","protected":false},"excerpt":{"rendered":"<p>Jaboulet Parall\u00e8le 45 C\u00f4tes-du-Rh\u00f4ne Blanc 2023 $17 USD *** SPECIAL ORDER ITEM ***Please allow extra time for this limited-quantity wine to be hand-picked and packed from our secure, temperature-controlled cellar. Description Description A classic since 1950, Parall\u00e8le 45 is celebrated around the globe and is one of France\u2019s most recognizable wines. Parall\u00e8le 45 isnamed after<\/p>\n","protected":false},"author":81,"featured_media":29262,"parent":0,"menu_order":0,"comment_status":"closed","ping_status":"closed","template":"elementor_header_footer","meta":{"footnotes":""},"categories":[461],"class_list":{"0":"post-29261","1":"page","2":"type-page","3":"status-publish","4":"has-post-thumbnail","6":"category-shop"},"yoast_head":"<!-- This site is optimized with the Yoast SEO plugin v24.6 - https:\/\/yoast.com\/wordpress\/plugins\/seo\/ -->\n<title>Jaboulet Parall\u00e8le 45 C\u00f4tes-du-Rh\u00f4ne Blanc - Wine 365<\/title>\n<meta name=\"robots\" content=\"noindex, follow, max-snippet:-1, max-image-preview:large, max-video-preview:-1\" \/>\n<meta property=\"og:locale\" content=\"en_US\" \/>\n<meta property=\"og:type\" content=\"article\" \/>\n<meta property=\"og:title\" content=\"Jaboulet Parall\u00e8le 45 C\u00f4tes-du-Rh\u00f4ne Blanc - Wine 365\" \/>\n<meta property=\"og:description\" content=\"Jaboulet Parall\u00e8le 45 C\u00f4tes-du-Rh\u00f4ne Blanc 2023 $17 USD *** SPECIAL ORDER ITEM ***Please allow extra time for this limited-quantity wine to be hand-picked and packed from our secure, temperature-controlled cellar. Description Description A classic since 1950, Parall\u00e8le 45 is celebrated around the globe and is one of France\u2019s most recognizable wines. Parall\u00e8le 45 isnamed after\" \/>\n<meta property=\"og:url\" content=\"https:\/\/wine365.com\/stage\/jaboulet-parallele-45-cotes-du-rhone-blanc\/\" \/>\n<meta property=\"og:site_name\" content=\"Wine 365\" \/>\n<meta property=\"article:publisher\" content=\"https:\/\/www.facebook.com\/Wine-365-111586947189226\/\" \/>\n<meta property=\"article:modified_time\" content=\"2025-03-03T22:48:16+00:00\" \/>\n<meta property=\"og:image\" content=\"https:\/\/wine365.com\/stage\/wp-content\/uploads\/2025\/01\/Paul-Jaboulet-Aine-Parallele-45-Cotes-du-Rhone-Blanc.jpg\" \/>\n\t<meta property=\"og:image:width\" content=\"1080\" \/>\n\t<meta property=\"og:image:height\" content=\"1080\" \/>\n\t<meta property=\"og:image:type\" content=\"image\/jpeg\" \/>\n<meta name=\"twitter:card\" content=\"summary_large_image\" \/>\n<meta name=\"twitter:site\" content=\"@wine365blog\" \/>\n<meta name=\"twitter:label1\" content=\"Est. reading time\" \/>\n\t<meta name=\"twitter:data1\" content=\"1 minute\" \/>\n<script type=\"application\/ld+json\" class=\"yoast-schema-graph\">{\"@context\":\"https:\/\/schema.org\",\"@graph\":[{\"@type\":\"WebPage\",\"@id\":\"https:\/\/wine365.com\/stage\/jaboulet-parallele-45-cotes-du-rhone-blanc\/\",\"url\":\"https:\/\/wine365.com\/stage\/jaboulet-parallele-45-cotes-du-rhone-blanc\/\",\"name\":\"Jaboulet Parall\u00e8le 45 C\u00f4tes-du-Rh\u00f4ne Blanc - Wine 365\",\"isPartOf\":{\"@id\":\"https:\/\/wine365.com\/stage\/#website\"},\"primaryImageOfPage\":{\"@id\":\"https:\/\/wine365.com\/stage\/jaboulet-parallele-45-cotes-du-rhone-blanc\/#primaryimage\"},\"image\":{\"@id\":\"https:\/\/wine365.com\/stage\/jaboulet-parallele-45-cotes-du-rhone-blanc\/#primaryimage\"},\"thumbnailUrl\":\"https:\/\/wine365.com\/stage\/wp-content\/uploads\/2025\/01\/Paul-Jaboulet-Aine-Parallele-45-Cotes-du-Rhone-Blanc.jpg\",\"datePublished\":\"2025-01-30T20:32:50+00:00\",\"dateModified\":\"2025-03-03T22:48:16+00:00\",\"breadcrumb\":{\"@id\":\"https:\/\/wine365.com\/stage\/jaboulet-parallele-45-cotes-du-rhone-blanc\/#breadcrumb\"},\"inLanguage\":\"en-US\",\"potentialAction\":[{\"@type\":\"ReadAction\",\"target\":[\"https:\/\/wine365.com\/stage\/jaboulet-parallele-45-cotes-du-rhone-blanc\/\"]}]},{\"@type\":\"ImageObject\",\"inLanguage\":\"en-US\",\"@id\":\"https:\/\/wine365.com\/stage\/jaboulet-parallele-45-cotes-du-rhone-blanc\/#primaryimage\",\"url\":\"https:\/\/wine365.com\/stage\/wp-content\/uploads\/2025\/01\/Paul-Jaboulet-Aine-Parallele-45-Cotes-du-Rhone-Blanc.jpg\",\"contentUrl\":\"https:\/\/wine365.com\/stage\/wp-content\/uploads\/2025\/01\/Paul-Jaboulet-Aine-Parallele-45-Cotes-du-Rhone-Blanc.jpg\",\"width\":1080,\"height\":1080},{\"@type\":\"BreadcrumbList\",\"@id\":\"https:\/\/wine365.com\/stage\/jaboulet-parallele-45-cotes-du-rhone-blanc\/#breadcrumb\",\"itemListElement\":[{\"@type\":\"ListItem\",\"position\":1,\"name\":\"Home\",\"item\":\"https:\/\/wine365.com\/stage\/\"},{\"@type\":\"ListItem\",\"position\":2,\"name\":\"Jaboulet Parall\u00e8le 45 C\u00f4tes-du-Rh\u00f4ne Blanc\"}]},{\"@type\":\"WebSite\",\"@id\":\"https:\/\/wine365.com\/stage\/#website\",\"url\":\"https:\/\/wine365.com\/stage\/\",\"name\":\"Wine 365\",\"description\":\"Learn about wine every day\",\"publisher\":{\"@id\":\"https:\/\/wine365.com\/stage\/#organization\"},\"potentialAction\":[{\"@type\":\"SearchAction\",\"target\":{\"@type\":\"EntryPoint\",\"urlTemplate\":\"https:\/\/wine365.com\/stage\/?s={search_term_string}\"},\"query-input\":{\"@type\":\"PropertyValueSpecification\",\"valueRequired\":true,\"valueName\":\"search_term_string\"}}],\"inLanguage\":\"en-US\"},{\"@type\":\"Organization\",\"@id\":\"https:\/\/wine365.com\/stage\/#organization\",\"name\":\"Wine 365\",\"url\":\"https:\/\/wine365.com\/stage\/\",\"logo\":{\"@type\":\"ImageObject\",\"inLanguage\":\"en-US\",\"@id\":\"https:\/\/wine365.com\/stage\/#\/schema\/logo\/image\/\",\"url\":\"https:\/\/wine365.com\/stage\/wp-content\/uploads\/2020\/07\/wine-365-logo-400.png\",\"contentUrl\":\"https:\/\/wine365.com\/stage\/wp-content\/uploads\/2020\/07\/wine-365-logo-400.png\",\"width\":400,\"height\":83,\"caption\":\"Wine 365\"},\"image\":{\"@id\":\"https:\/\/wine365.com\/stage\/#\/schema\/logo\/image\/\"},\"sameAs\":[\"https:\/\/www.facebook.com\/Wine-365-111586947189226\/\",\"https:\/\/x.com\/wine365blog\",\"https:\/\/www.instagram.com\/wine_365\/\",\"https:\/\/www.pinterest.com\/wine_365\",\"https:\/\/www.youtube.com\/channel\/UCpa_I4Q5CbuNG8qJF0hMjHQ?view_as=subscriber\"]}]}<\/script>\n<!-- \/ Yoast SEO plugin. -->","yoast_head_json":{"title":"Jaboulet Parall\u00e8le 45 C\u00f4tes-du-Rh\u00f4ne Blanc - Wine 365","robots":{"index":"noindex","follow":"follow","max-snippet":"max-snippet:-1","max-image-preview":"max-image-preview:large","max-video-preview":"max-video-preview:-1"},"og_locale":"en_US","og_type":"article","og_title":"Jaboulet Parall\u00e8le 45 C\u00f4tes-du-Rh\u00f4ne Blanc - Wine 365","og_description":"Jaboulet Parall\u00e8le 45 C\u00f4tes-du-Rh\u00f4ne Blanc 2023 $17 USD *** SPECIAL ORDER ITEM ***Please allow extra time for this limited-quantity wine to be hand-picked and packed from our secure, temperature-controlled cellar. Description Description A classic since 1950, Parall\u00e8le 45 is celebrated around the globe and is one of France\u2019s most recognizable wines. Parall\u00e8le 45 isnamed after","og_url":"https:\/\/wine365.com\/stage\/jaboulet-parallele-45-cotes-du-rhone-blanc\/","og_site_name":"Wine 365","article_publisher":"https:\/\/www.facebook.com\/Wine-365-111586947189226\/","article_modified_time":"2025-03-03T22:48:16+00:00","og_image":[{"width":1080,"height":1080,"url":"https:\/\/wine365.com\/stage\/wp-content\/uploads\/2025\/01\/Paul-Jaboulet-Aine-Parallele-45-Cotes-du-Rhone-Blanc.jpg","type":"image\/jpeg"}],"twitter_card":"summary_large_image","twitter_site":"@wine365blog","twitter_misc":{"Est. reading time":"1 minute"},"schema":{"@context":"https:\/\/schema.org","@graph":[{"@type":"WebPage","@id":"https:\/\/wine365.com\/stage\/jaboulet-parallele-45-cotes-du-rhone-blanc\/","url":"https:\/\/wine365.com\/stage\/jaboulet-parallele-45-cotes-du-rhone-blanc\/","name":"Jaboulet Parall\u00e8le 45 C\u00f4tes-du-Rh\u00f4ne Blanc - Wine 365","isPartOf":{"@id":"https:\/\/wine365.com\/stage\/#website"},"primaryImageOfPage":{"@id":"https:\/\/wine365.com\/stage\/jaboulet-parallele-45-cotes-du-rhone-blanc\/#primaryimage"},"image":{"@id":"https:\/\/wine365.com\/stage\/jaboulet-parallele-45-cotes-du-rhone-blanc\/#primaryimage"},"thumbnailUrl":"https:\/\/wine365.com\/stage\/wp-content\/uploads\/2025\/01\/Paul-Jaboulet-Aine-Parallele-45-Cotes-du-Rhone-Blanc.jpg","datePublished":"2025-01-30T20:32:50+00:00","dateModified":"2025-03-03T22:48:16+00:00","breadcrumb":{"@id":"https:\/\/wine365.com\/stage\/jaboulet-parallele-45-cotes-du-rhone-blanc\/#breadcrumb"},"inLanguage":"en-US","potentialAction":[{"@type":"ReadAction","target":["https:\/\/wine365.com\/stage\/jaboulet-parallele-45-cotes-du-rhone-blanc\/"]}]},{"@type":"ImageObject","inLanguage":"en-US","@id":"https:\/\/wine365.com\/stage\/jaboulet-parallele-45-cotes-du-rhone-blanc\/#primaryimage","url":"https:\/\/wine365.com\/stage\/wp-content\/uploads\/2025\/01\/Paul-Jaboulet-Aine-Parallele-45-Cotes-du-Rhone-Blanc.jpg","contentUrl":"https:\/\/wine365.com\/stage\/wp-content\/uploads\/2025\/01\/Paul-Jaboulet-Aine-Parallele-45-Cotes-du-Rhone-Blanc.jpg","width":1080,"height":1080},{"@type":"BreadcrumbList","@id":"https:\/\/wine365.com\/stage\/jaboulet-parallele-45-cotes-du-rhone-blanc\/#breadcrumb","itemListElement":[{"@type":"ListItem","position":1,"name":"Home","item":"https:\/\/wine365.com\/stage\/"},{"@type":"ListItem","position":2,"name":"Jaboulet Parall\u00e8le 45 C\u00f4tes-du-Rh\u00f4ne Blanc"}]},{"@type":"WebSite","@id":"https:\/\/wine365.com\/stage\/#website","url":"https:\/\/wine365.com\/stage\/","name":"Wine 365","description":"Learn about wine every day","publisher":{"@id":"https:\/\/wine365.com\/stage\/#organization"},"potentialAction":[{"@type":"SearchAction","target":{"@type":"EntryPoint","urlTemplate":"https:\/\/wine365.com\/stage\/?s={search_term_string}"},"query-input":{"@type":"PropertyValueSpecification","valueRequired":true,"valueName":"search_term_string"}}],"inLanguage":"en-US"},{"@type":"Organization","@id":"https:\/\/wine365.com\/stage\/#organization","name":"Wine 365","url":"https:\/\/wine365.com\/stage\/","logo":{"@type":"ImageObject","inLanguage":"en-US","@id":"https:\/\/wine365.com\/stage\/#\/schema\/logo\/image\/","url":"https:\/\/wine365.com\/stage\/wp-content\/uploads\/2020\/07\/wine-365-logo-400.png","contentUrl":"https:\/\/wine365.com\/stage\/wp-content\/uploads\/2020\/07\/wine-365-logo-400.png","width":400,"height":83,"caption":"Wine 365"},"image":{"@id":"https:\/\/wine365.com\/stage\/#\/schema\/logo\/image\/"},"sameAs":["https:\/\/www.facebook.com\/Wine-365-111586947189226\/","https:\/\/x.com\/wine365blog","https:\/\/www.instagram.com\/wine_365\/","https:\/\/www.pinterest.com\/wine_365","https:\/\/www.youtube.com\/channel\/UCpa_I4Q5CbuNG8qJF0hMjHQ?view_as=subscriber"]}]}},"_links":{"self":[{"href":"https:\/\/wine365.com\/stage\/wp-json\/wp\/v2\/pages\/29261","targetHints":{"allow":["GET"]}}],"collection":[{"href":"https:\/\/wine365.com\/stage\/wp-json\/wp\/v2\/pages"}],"about":[{"href":"https:\/\/wine365.com\/stage\/wp-json\/wp\/v2\/types\/page"}],"author":[{"embeddable":true,"href":"https:\/\/wine365.com\/stage\/wp-json\/wp\/v2\/users\/81"}],"replies":[{"embeddable":true,"href":"https:\/\/wine365.com\/stage\/wp-json\/wp\/v2\/comments?post=29261"}],"version-history":[{"count":13,"href":"https:\/\/wine365.com\/stage\/wp-json\/wp\/v2\/pages\/29261\/revisions"}],"predecessor-version":[{"id":30489,"href":"https:\/\/wine365.com\/stage\/wp-json\/wp\/v2\/pages\/29261\/revisions\/30489"}],"wp:featuredmedia":[{"embeddable":true,"href":"https:\/\/wine365.com\/stage\/wp-json\/wp\/v2\/media\/29262"}],"wp:attachment":[{"href":"https:\/\/wine365.com\/stage\/wp-json\/wp\/v2\/media?parent=29261"}],"wp:term":[{"taxonomy":"category","embeddable":true,"href":"https:\/\/wine365.com\/stage\/wp-json\/wp\/v2\/categories?post=29261"}],"curies":[{"name":"wp","href":"https:\/\/api.w.org\/{rel}","templated":true}]}}